{"id":12178,"date":"2025-01-14T11:59:00","date_gmt":"2025-01-14T10:59:00","guid":{"rendered":"https:\/\/www.xces.nl\/?page_id=12178"},"modified":"2025-01-14T12:05:50","modified_gmt":"2025-01-14T11:05:50","slug":"algemene-leveringsvoorwaarden","status":"publish","type":"page","link":"https:\/\/www.xces.nl\/en\/algemene-leveringsvoorwaarden\/","title":{"rendered":"Algemene Leveringsvoorwaarden"},"content":{"rendered":"<div data-elementor-type=\"wp-page\" data-elementor-id=\"12178\" class=\"elementor elementor-12178\">\n\t\t\t\t\t\t<section class=\"elementor-section elementor-top-section elementor-element elementor-element-500424ac ot-traditional elementor-section-boxed elementor-section-height-default elementor-section-height-default\" data-id=\"500424ac\" data-element_type=\"section\" data-e-type=\"section\" data-settings=\"{&quot;background_background&quot;:&quot;classic&quot;}\">\n\t\t\t\t\t\t<div class=\"elementor-container elementor-column-gap-default\">\n\t\t\t\t\t<div class=\"elementor-column elementor-col-100 elementor-top-column elementor-element elementor-element-77b5b9f6 ot-flex-column-vertical\" data-id=\"77b5b9f6\" data-element_type=\"column\" data-e-type=\"column\">\n\t\t\t<div class=\"elementor-widget-wrap elementor-element-populated\">\n\t\t\t\t\t\t<div class=\"elementor-element elementor-element-560790f4 elementor-widget elementor-widget-text-editor\" data-id=\"560790f4\" data-element_type=\"widget\" data-e-type=\"widget\" data-widget_type=\"text-editor.default\">\n\t\t\t\t<div class=\"elementor-widget-container\">\n\t\t\t\t\t\t\t\t\t<h1>Algemene Leveringsvoorwaarden<\/h1>\n<p><em>Versie 1.0<\/em><br \/>Deze pagina is voor het laatst aangepast op\u00a0<em>14 januari 2025<\/em>.<\/p>\n<p>\u2018Op al onze aanbiedingen en overeenkomsten zijn de NLdigital Voorwaarden 2020 van\u00a0toepassing, gedeponeerd bij de Rechtbank Midden-Nederland, locatie Utrecht. Deze\u00a0voorwaarden treft u hierbij aan. U stemt er hierbij mee in dat wij u deze voorwaarden\u00a0langs elektronische weg toesturen. Op verzoek sturen wij u deze nogmaals kosteloos\u00a0toe.\u2019<\/p>\n<p>\u00a0<\/p>\n<p>\u00a0<\/p>\n<p>\u2018The NLdigital terms and Conditions, filed with the Dutch court Midden-Nederland,\u00a0location Utrecht, apply to all our offers and contracts. These terms and conditions are\u00a0attached hereto. You hereby agree that these terms and conditions are sent to you in\u00a0electronic form. At your request we will send you these terms and conditions again\u00a0free of charge.\u2019<\/p>\n<p>\u00a0<\/p>\n<p>\u201eF\u00fcr alle unsere Angebote und Vereinbarungen gelten die Allgemeinen\u00a0Gesch\u00e4ftsbedingungen 2020 von NLdigital Antrag, eingereicht beim Bezirksgericht\u00a0Mitte der Niederlande, Standort Utrecht. Das Die Konditionen finden Sie hier.\u00a0Sie erkl\u00e4ren sich hiermit damit einverstanden, dass wir diese Allgemeinen Gesch\u00e4ftsbedingungen akzeptieren elektronisch \u00fcbermittelt.\u00a0Auf Wunsch senden wir es Ihnen noch einmal kostenfrei zu Bitte.\u2019<\/p>\n<p><!-- \/wp:heading --><\/p>\t\t\t\t\t\t\t\t<\/div>\n\t\t\t\t<\/div>\n\t\t\t\t\t<\/div>\n\t\t<\/div>\n\t\t\t\t\t<\/div>\n\t\t<\/section>\n\t\t\t\t<section class=\"elementor-section elementor-top-section elementor-element elementor-element-406c5a8 ot-traditional elementor-section-boxed elementor-section-height-default elementor-section-height-default\" data-id=\"406c5a8\" data-element_type=\"section\" data-e-type=\"section\">\n\t\t\t\t\t\t<div class=\"elementor-container elementor-column-gap-default\">\n\t\t\t\t\t<div class=\"elementor-column elementor-col-100 elementor-top-column elementor-element elementor-element-2cef51e ot-flex-column-vertical\" data-id=\"2cef51e\" data-element_type=\"column\" data-e-type=\"column\">\n\t\t\t<div class=\"elementor-widget-wrap elementor-element-populated\">\n\t\t\t\t\t\t<div class=\"elementor-element elementor-element-b5cabec elementor-widget elementor-widget-spacer\" data-id=\"b5cabec\" data-element_type=\"widget\" data-e-type=\"widget\" data-widget_type=\"spacer.default\">\n\t\t\t\t<div class=\"elementor-widget-container\">\n\t\t\t\t\t\t\t<div class=\"elementor-spacer\">\n\t\t\t<div class=\"elementor-spacer-inner\"><\/div>\n\t\t<\/div>\n\t\t\t\t\t\t<\/div>\n\t\t\t\t<\/div>\n\t\t\t\t\t<\/div>\n\t\t<\/div>\n\t\t\t\t\t<\/div>\n\t\t<\/section>\n\t\t\t\t<section class=\"elementor-section elementor-top-section elementor-element elementor-element-60cdf088 ot-traditional elementor-section-boxed elementor-section-height-default elementor-section-height-default\" data-id=\"60cdf088\" data-element_type=\"section\" data-e-type=\"section\" data-settings=\"{&quot;background_background&quot;:&quot;classic&quot;,&quot;shape_divider_bottom&quot;:&quot;pyramids&quot;}\">\n\t\t\t\t\t<div class=\"elementor-shape elementor-shape-bottom\" aria-hidden=\"true\" data-negative=\"false\">\n\t\t\t<svg xmlns=\"http:\/\/www.w3.org\/2000\/svg\" viewbox=\"0 0 1000 100\" preserveaspectratio=\"none\">\n\t<path class=\"elementor-shape-fill\" d=\"M761.9,44.1L643.1,27.2L333.8,98L0,3.8V0l1000,0v3.9\"\/>\n<\/svg>\t\t<\/div>\n\t\t\t\t\t<div class=\"elementor-container elementor-column-gap-default\">\n\t\t\t\t\t<div class=\"elementor-column elementor-col-50 elementor-top-column elementor-element elementor-element-34b69226 ot-flex-column-vertical\" data-id=\"34b69226\" data-element_type=\"column\" data-e-type=\"column\" data-settings=\"{&quot;background_background&quot;:&quot;classic&quot;}\">\n\t\t\t<div class=\"elementor-widget-wrap elementor-element-populated\">\n\t\t\t\t\t\t<div class=\"elementor-element elementor-element-41c50c1a elementor-widget elementor-widget-iheading\" data-id=\"41c50c1a\" data-element_type=\"widget\" data-e-type=\"widget\" data-widget_type=\"iheading.default\">\n\t\t\t\t<div class=\"elementor-widget-container\">\n\t\t\t\t\t\t\t<div class=\"ot-heading\">\r\n\t        \t            <span>\/\/ XCES<\/span>\r\n\t        <h2 class=\"main-heading\">Download de algemene leveringsvoorwaarden<\/h2>\t    <\/div>\r\n\t    \t\t\t\t<\/div>\n\t\t\t\t<\/div>\n\t\t\t\t\t<\/div>\n\t\t<\/div>\n\t\t\t\t<div class=\"elementor-column elementor-col-50 elementor-top-column elementor-element elementor-element-54da2473 ot-column-items-center ot-flex-column-vertical\" data-id=\"54da2473\" data-element_type=\"column\" data-e-type=\"column\" data-settings=\"{&quot;background_background&quot;:&quot;classic&quot;}\">\n\t\t\t<div class=\"elementor-widget-wrap elementor-element-populated\">\n\t\t\t\t\t\t<div class=\"elementor-element elementor-element-2c154103 elementor-align-right elementor-widget elementor-widget-ibutton\" data-id=\"2c154103\" data-element_type=\"widget\" data-e-type=\"widget\" data-widget_type=\"ibutton.default\">\n\t\t\t\t<div class=\"elementor-widget-container\">\n\t\t\t\t\t\t\t<div class=\"ot-button\">\r\n\t\t\t<a href=\"https:\/\/www.xces.nl\/wp-content\/uploads\/2025\/01\/NLdigital-Terms-EN-1.pdf\" target=\"_blank\" class=\"octf-btn octf-btn-second\">Download <\/a>\r\n\t    <\/div>\r\n\t    \t\t\t\t<\/div>\n\t\t\t\t<\/div>\n\t\t\t\t\t<\/div>\n\t\t<\/div>\n\t\t\t\t\t<\/div>\n\t\t<\/section>\n\t\t\t\t<\/div>","protected":false},"excerpt":{"rendered":"<p>Algemene Leveringsvoorwaarden Versie 1.0Deze pagina is voor het laatst aangepast op\u00a014 januari 2025. \u2018Op al onze aanbiedingen en overeenkomsten zijn de NLdigital Voorwaarden 2020 van\u00a0toepassing, gedeponeerd bij de Rechtbank Midden-Nederland, locatie Utrecht. Deze\u00a0voorwaarden treft u hierbij aan. U stemt er hierbij mee in dat wij u deze voorwaarden\u00a0langs elektronische weg toesturen. Op verzoek sturen wij [&hellip;]<\/p>\n","protected":false},"author":5,"featured_media":0,"parent":0,"menu_order":0,"comment_status":"closed","ping_status":"open","template":"","meta":{"content-type":"","footnotes":""},"class_list":["post-12178","page","type-page","status-publish","hentry"],"yoast_head":"<!-- This site is optimized with the Yoast SEO plugin v27.5 - https:\/\/yoast.com\/product\/yoast-seo-wordpress\/ -->\n<title>Algemene Leveringsvoorwaarden - XCES<\/title>\n<meta name=\"robots\" content=\"index, follow, max-snippet:-1, max-image-preview:large, max-video-preview:-1\" \/>\n<link rel=\"canonical\" href=\"https:\/\/www.xces.nl\/en\/algemene-leveringsvoorwaarden\/\" \/>\n<meta property=\"og:locale\" content=\"en_US\" \/>\n<meta property=\"og:type\" content=\"article\" \/>\n<meta property=\"og:title\" content=\"Algemene Leveringsvoorwaarden - XCES\" \/>\n<meta property=\"og:description\" content=\"Algemene Leveringsvoorwaarden Versie 1.0Deze pagina is voor het laatst aangepast op\u00a014 januari 2025. \u2018Op al onze aanbiedingen en overeenkomsten zijn de NLdigital Voorwaarden 2020 van\u00a0toepassing, gedeponeerd bij de Rechtbank Midden-Nederland, locatie Utrecht. Deze\u00a0voorwaarden treft u hierbij aan. U stemt er hierbij mee in dat wij u deze voorwaarden\u00a0langs elektronische weg toesturen. Op verzoek sturen wij [&hellip;]\" \/>\n<meta property=\"og:url\" content=\"https:\/\/www.xces.nl\/en\/algemene-leveringsvoorwaarden\/\" \/>\n<meta property=\"og:site_name\" content=\"XCES\" \/>\n<meta property=\"article:modified_time\" content=\"2025-01-14T11:05:50+00:00\" \/>\n<meta name=\"twitter:card\" content=\"summary_large_image\" \/>\n<meta name=\"twitter:label1\" content=\"Est. reading time\" \/>\n\t<meta name=\"twitter:data1\" content=\"1 minute\" \/>\n<script type=\"application\/ld+json\" class=\"yoast-schema-graph\">{\"@context\":\"https:\\\/\\\/schema.org\",\"@graph\":[{\"@type\":\"WebPage\",\"@id\":\"https:\\\/\\\/www.xces.nl\\\/algemene-leveringsvoorwaarden\\\/\",\"url\":\"https:\\\/\\\/www.xces.nl\\\/algemene-leveringsvoorwaarden\\\/\",\"name\":\"Algemene Leveringsvoorwaarden - XCES\",\"isPartOf\":{\"@id\":\"https:\\\/\\\/www.xces.nl\\\/#website\"},\"datePublished\":\"2025-01-14T10:59:00+00:00\",\"dateModified\":\"2025-01-14T11:05:50+00:00\",\"breadcrumb\":{\"@id\":\"https:\\\/\\\/www.xces.nl\\\/algemene-leveringsvoorwaarden\\\/#breadcrumb\"},\"inLanguage\":\"en-US\",\"potentialAction\":[{\"@type\":\"ReadAction\",\"target\":[\"https:\\\/\\\/www.xces.nl\\\/algemene-leveringsvoorwaarden\\\/\"]}]},{\"@type\":\"BreadcrumbList\",\"@id\":\"https:\\\/\\\/www.xces.nl\\\/algemene-leveringsvoorwaarden\\\/#breadcrumb\",\"itemListElement\":[{\"@type\":\"ListItem\",\"position\":1,\"name\":\"Home\",\"item\":\"https:\\\/\\\/www.xces.nl\\\/\"},{\"@type\":\"ListItem\",\"position\":2,\"name\":\"Algemene Leveringsvoorwaarden\"}]},{\"@type\":\"WebSite\",\"@id\":\"https:\\\/\\\/www.xces.nl\\\/#website\",\"url\":\"https:\\\/\\\/www.xces.nl\\\/\",\"name\":\"XCES\",\"description\":\"Digitale Transformatie met XCES\",\"publisher\":{\"@id\":\"https:\\\/\\\/www.xces.nl\\\/#organization\"},\"potentialAction\":[{\"@type\":\"SearchAction\",\"target\":{\"@type\":\"EntryPoint\",\"urlTemplate\":\"https:\\\/\\\/www.xces.nl\\\/?s={search_term_string}\"},\"query-input\":{\"@type\":\"PropertyValueSpecification\",\"valueRequired\":true,\"valueName\":\"search_term_string\"}}],\"inLanguage\":\"en-US\"},{\"@type\":\"Organization\",\"@id\":\"https:\\\/\\\/www.xces.nl\\\/#organization\",\"name\":\"XCES\",\"url\":\"https:\\\/\\\/www.xces.nl\\\/\",\"logo\":{\"@type\":\"ImageObject\",\"inLanguage\":\"en-US\",\"@id\":\"https:\\\/\\\/www.xces.nl\\\/#\\\/schema\\\/logo\\\/image\\\/\",\"url\":\"https:\\\/\\\/www.xces.nl\\\/wp-content\\\/uploads\\\/2021\\\/04\\\/XCES.png\",\"contentUrl\":\"https:\\\/\\\/www.xces.nl\\\/wp-content\\\/uploads\\\/2021\\\/04\\\/XCES.png\",\"width\":150,\"height\":150,\"caption\":\"XCES\"},\"image\":{\"@id\":\"https:\\\/\\\/www.xces.nl\\\/#\\\/schema\\\/logo\\\/image\\\/\"},\"sameAs\":[\"https:\\\/\\\/www.linkedin.com\\\/company\\\/xceseu\\\/\"]}]}<\/script>\n<!-- \/ Yoast SEO plugin. -->","yoast_head_json":{"title":"Algemene Leveringsvoorwaarden - XCES","robots":{"index":"index","follow":"follow","max-snippet":"max-snippet:-1","max-image-preview":"max-image-preview:large","max-video-preview":"max-video-preview:-1"},"canonical":"https:\/\/www.xces.nl\/en\/algemene-leveringsvoorwaarden\/","og_locale":"en_US","og_type":"article","og_title":"Algemene Leveringsvoorwaarden - XCES","og_description":"Algemene Leveringsvoorwaarden Versie 1.0Deze pagina is voor het laatst aangepast op\u00a014 januari 2025. \u2018Op al onze aanbiedingen en overeenkomsten zijn de NLdigital Voorwaarden 2020 van\u00a0toepassing, gedeponeerd bij de Rechtbank Midden-Nederland, locatie Utrecht. Deze\u00a0voorwaarden treft u hierbij aan. U stemt er hierbij mee in dat wij u deze voorwaarden\u00a0langs elektronische weg toesturen. Op verzoek sturen wij [&hellip;]","og_url":"https:\/\/www.xces.nl\/en\/algemene-leveringsvoorwaarden\/","og_site_name":"XCES","article_modified_time":"2025-01-14T11:05:50+00:00","twitter_card":"summary_large_image","twitter_misc":{"Est. reading time":"1 minute"},"schema":{"@context":"https:\/\/schema.org","@graph":[{"@type":"WebPage","@id":"https:\/\/www.xces.nl\/algemene-leveringsvoorwaarden\/","url":"https:\/\/www.xces.nl\/algemene-leveringsvoorwaarden\/","name":"Algemene Leveringsvoorwaarden - XCES","isPartOf":{"@id":"https:\/\/www.xces.nl\/#website"},"datePublished":"2025-01-14T10:59:00+00:00","dateModified":"2025-01-14T11:05:50+00:00","breadcrumb":{"@id":"https:\/\/www.xces.nl\/algemene-leveringsvoorwaarden\/#breadcrumb"},"inLanguage":"en-US","potentialAction":[{"@type":"ReadAction","target":["https:\/\/www.xces.nl\/algemene-leveringsvoorwaarden\/"]}]},{"@type":"BreadcrumbList","@id":"https:\/\/www.xces.nl\/algemene-leveringsvoorwaarden\/#breadcrumb","itemListElement":[{"@type":"ListItem","position":1,"name":"Home","item":"https:\/\/www.xces.nl\/"},{"@type":"ListItem","position":2,"name":"Algemene Leveringsvoorwaarden"}]},{"@type":"WebSite","@id":"https:\/\/www.xces.nl\/#website","url":"https:\/\/www.xces.nl\/","name":"XCES","description":"Digitale Transformatie met XCES","publisher":{"@id":"https:\/\/www.xces.nl\/#organization"},"potentialAction":[{"@type":"SearchAction","target":{"@type":"EntryPoint","urlTemplate":"https:\/\/www.xces.nl\/?s={search_term_string}"},"query-input":{"@type":"PropertyValueSpecification","valueRequired":true,"valueName":"search_term_string"}}],"inLanguage":"en-US"},{"@type":"Organization","@id":"https:\/\/www.xces.nl\/#organization","name":"XCES","url":"https:\/\/www.xces.nl\/","logo":{"@type":"ImageObject","inLanguage":"en-US","@id":"https:\/\/www.xces.nl\/#\/schema\/logo\/image\/","url":"https:\/\/www.xces.nl\/wp-content\/uploads\/2021\/04\/XCES.png","contentUrl":"https:\/\/www.xces.nl\/wp-content\/uploads\/2021\/04\/XCES.png","width":150,"height":150,"caption":"XCES"},"image":{"@id":"https:\/\/www.xces.nl\/#\/schema\/logo\/image\/"},"sameAs":["https:\/\/www.linkedin.com\/company\/xceseu\/"]}]}},"_links":{"self":[{"href":"https:\/\/www.xces.nl\/en\/wp-json\/wp\/v2\/pages\/12178","targetHints":{"allow":["GET"]}}],"collection":[{"href":"https:\/\/www.xces.nl\/en\/wp-json\/wp\/v2\/pages"}],"about":[{"href":"https:\/\/www.xces.nl\/en\/wp-json\/wp\/v2\/types\/page"}],"author":[{"embeddable":true,"href":"https:\/\/www.xces.nl\/en\/wp-json\/wp\/v2\/users\/5"}],"replies":[{"embeddable":true,"href":"https:\/\/www.xces.nl\/en\/wp-json\/wp\/v2\/comments?post=12178"}],"version-history":[{"count":9,"href":"https:\/\/www.xces.nl\/en\/wp-json\/wp\/v2\/pages\/12178\/revisions"}],"predecessor-version":[{"id":12190,"href":"https:\/\/www.xces.nl\/en\/wp-json\/wp\/v2\/pages\/12178\/revisions\/12190"}],"wp:attachment":[{"href":"https:\/\/www.xces.nl\/en\/wp-json\/wp\/v2\/media?parent=12178"}],"curies":[{"name":"wp","href":"https:\/\/api.w.org\/{rel}","templated":true}]}}